{"id":11982,"date":"2022-01-25T14:20:26","date_gmt":"2022-01-25T13:20:26","guid":{"rendered":"https:\/\/rilegato.com\/privacy-policy\/"},"modified":"2022-01-25T14:20:26","modified_gmt":"2022-01-25T13:20:26","slug":"privacy-policy","status":"publish","type":"page","link":"https:\/\/rilegato.com\/en\/privacy-policy\/","title":{"rendered":"Privacy policy"},"content":{"rendered":"\n<div style=\"height:100px\" aria-hidden=\"true\" class=\"wp-block-spacer\"><\/div>\n\n\n\n<h2 class=\"wp-block-heading\">Privacy policy<\/h2>\n\n\n\n<p>Fra i Dati Personali raccolti da questo Sito Web, in modo autonomo o tramite terze parti, ci sono: Strumento di Tracciamento; Dati di utilizzo; email; nome; cognome; numero di telefono; lingua.<\/p>\n\n\n\n<p>Dettagli completi su ciascuna tipologia di dati raccolti sono forniti nelle sezioni dedicate di questa privacy policy o mediante specifici testi informativi visualizzati prima della raccolta dei dati stessi.<br>I Dati Personali possono essere liberamente forniti dall&#8217;Utente o, nel caso di Dati di Utilizzo, raccolti automaticamente durante l&#8217;uso di questo Sito Web.<br>Se non diversamente specificato, tutti i Dati richiesti da questo Sito Web sono obbligatori. Se l\u2019Utente rifiuta di comunicarli, potrebbe essere impossibile per questo Sito Web fornire il Servizio. Nei casi in cui questo Sito Web indichi alcuni Dati come facoltativi, gli Utenti sono liberi di astenersi dal comunicare tali Dati, senza che ci\u00f2 abbia alcuna conseguenza sulla disponibilit\u00e0 del Servizio o sulla sua operativit\u00e0.<br>Gli Utenti che dovessero avere dubbi su quali Dati siano obbligatori, sono incoraggiati a contattare il Titolare.<br>L\u2019eventuale utilizzo di Cookie &#8211; o di altri strumenti di tracciamento &#8211; da parte di questo Sito Web o dei titolari dei servizi terzi utilizzati da questo Sito Web, ove non diversamente precisato, ha la finalit\u00e0 di fornire il Servizio richiesto dall&#8217;Utente, oltre alle ulteriori finalit\u00e0 descritte nel presente documento e nella Cookie Policy, se disponibile.<\/p>\n\n\n\n<p>L&#8217;Utente si assume la responsabilit\u00e0 dei Dati Personali di terzi ottenuti, pubblicati o condivisi mediante questo Sito Web e garantisce di avere il diritto di comunicarli o diffonderli, liberando il Titolare da qualsiasi responsabilit\u00e0 verso terzi.<\/p>\n\n\n\n<div class=\"wp-block-buttons is-layout-flex wp-block-buttons-is-layout-flex\">\n<div class=\"wp-block-button\"><a class=\"wp-block-button__link wp-element-button\" href=\"\" target=\"_blank\" rel=\"noreferrer noopener\">Consultate la privacy policy completa<\/a><\/div>\n<\/div>\n\n\n\n<div style=\"height:100px\" aria-hidden=\"true\" class=\"wp-block-spacer\"><\/div>\n","protected":false},"excerpt":{"rendered":"<p>Privacy policy Fra i Dati Personali raccolti da questo Sito Web, in modo autonomo o tramite terze parti, ci sono: Strumento di Tracciamento; Dati di utilizzo; email; nome; cognome; numero di telefono; lingua. Dettagli completi su ciascuna tipologia di dati raccolti sono forniti nelle sezioni dedicate di questa privacy policy o mediante specifici testi informativi&hellip;<\/p>\n","protected":false},"author":1,"featured_media":0,"parent":0,"menu_order":0,"comment_status":"closed","ping_status":"open","template":"","meta":{"footnotes":""},"class_list":["post-11982","page","type-page","status-publish","hentry"],"yoast_head":"<!-- This site is optimized with the Yoast SEO plugin v27.4 - https:\/\/yoast.com\/product\/yoast-seo-wordpress\/ -->\n<title>Privacy policy - Rilegato!<\/title>\n<meta name=\"description\" content=\"Privacy policy Fra i Dati Personali raccolti da questo Sito Web, in modo autonomo o tramite terze parti, ci sono: Strumento di Tracciamento; Dati di\" \/>\n<meta name=\"robots\" content=\"index, follow, max-snippet:-1, max-image-preview:large, max-video-preview:-1\" \/>\n<link rel=\"canonical\" href=\"https:\/\/rilegato.com\/en\/privacy-policy\/\" \/>\n<meta property=\"og:locale\" content=\"en_US\" \/>\n<meta property=\"og:type\" content=\"article\" \/>\n<meta property=\"og:title\" content=\"Privacy policy - Rilegato!\" \/>\n<meta property=\"og:description\" content=\"Privacy policy Fra i Dati Personali raccolti da questo Sito Web, in modo autonomo o tramite terze parti, ci sono: Strumento di Tracciamento; Dati di\" \/>\n<meta property=\"og:url\" content=\"https:\/\/rilegato.com\/en\/privacy-policy\/\" \/>\n<meta property=\"og:site_name\" content=\"Rilegato!\" \/>\n<meta property=\"article:publisher\" content=\"https:\/\/www.facebook.com\/rilegatoshop\" \/>\n<meta name=\"twitter:card\" content=\"summary_large_image\" \/>\n<meta name=\"twitter:label1\" content=\"Est. reading time\" \/>\n\t<meta name=\"twitter:data1\" content=\"1 minute\" \/>\n<script type=\"application\/ld+json\" class=\"yoast-schema-graph\">{\"@context\":\"https:\\\/\\\/schema.org\",\"@graph\":[{\"@type\":\"WebPage\",\"@id\":\"https:\\\/\\\/rilegato.com\\\/en\\\/privacy-policy\\\/\",\"url\":\"https:\\\/\\\/rilegato.com\\\/en\\\/privacy-policy\\\/\",\"name\":\"Privacy policy - Rilegato!\",\"isPartOf\":{\"@id\":\"https:\\\/\\\/rilegato.com\\\/en\\\/#website\"},\"datePublished\":\"2022-01-25T13:20:26+00:00\",\"description\":\"Privacy policy Fra i Dati Personali raccolti da questo Sito Web, in modo autonomo o tramite terze parti, ci sono: Strumento di Tracciamento; Dati di\",\"breadcrumb\":{\"@id\":\"https:\\\/\\\/rilegato.com\\\/en\\\/privacy-policy\\\/#breadcrumb\"},\"inLanguage\":\"en-US\",\"potentialAction\":[{\"@type\":\"ReadAction\",\"target\":[\"https:\\\/\\\/rilegato.com\\\/en\\\/privacy-policy\\\/\"]}]},{\"@type\":\"BreadcrumbList\",\"@id\":\"https:\\\/\\\/rilegato.com\\\/en\\\/privacy-policy\\\/#breadcrumb\",\"itemListElement\":[{\"@type\":\"ListItem\",\"position\":1,\"name\":\"Home\",\"item\":\"https:\\\/\\\/rilegato.com\\\/en\\\/\"},{\"@type\":\"ListItem\",\"position\":2,\"name\":\"Privacy policy\"}]},{\"@type\":\"WebSite\",\"@id\":\"https:\\\/\\\/rilegato.com\\\/en\\\/#website\",\"url\":\"https:\\\/\\\/rilegato.com\\\/en\\\/\",\"name\":\"Rilegato!\",\"description\":\"Your B2B online shop for letterpress printing.\",\"publisher\":{\"@id\":\"https:\\\/\\\/rilegato.com\\\/en\\\/#organization\"},\"alternateName\":\"Rilegato\",\"potentialAction\":[{\"@type\":\"SearchAction\",\"target\":{\"@type\":\"EntryPoint\",\"urlTemplate\":\"https:\\\/\\\/rilegato.com\\\/en\\\/?s={search_term_string}\"},\"query-input\":{\"@type\":\"PropertyValueSpecification\",\"valueRequired\":true,\"valueName\":\"search_term_string\"}}],\"inLanguage\":\"en-US\"},{\"@type\":\"Organization\",\"@id\":\"https:\\\/\\\/rilegato.com\\\/en\\\/#organization\",\"name\":\"Rilegato\",\"url\":\"https:\\\/\\\/rilegato.com\\\/en\\\/\",\"logo\":{\"@type\":\"ImageObject\",\"inLanguage\":\"en-US\",\"@id\":\"https:\\\/\\\/rilegato.com\\\/en\\\/#\\\/schema\\\/logo\\\/image\\\/\",\"url\":\"https:\\\/\\\/rilegato.com\\\/app\\\/uploads\\\/2022\\\/12\\\/rilegato-logo-seo.png\",\"contentUrl\":\"https:\\\/\\\/rilegato.com\\\/app\\\/uploads\\\/2022\\\/12\\\/rilegato-logo-seo.png\",\"width\":580,\"height\":156,\"caption\":\"Rilegato\"},\"image\":{\"@id\":\"https:\\\/\\\/rilegato.com\\\/en\\\/#\\\/schema\\\/logo\\\/image\\\/\"},\"sameAs\":[\"https:\\\/\\\/www.facebook.com\\\/rilegatoshop\",\"https:\\\/\\\/www.linkedin.com\\\/company\\\/rilegato\\\/\"]}]}<\/script>\n<!-- \/ Yoast SEO plugin. -->","yoast_head_json":{"title":"Privacy policy - Rilegato!","description":"Privacy policy Fra i Dati Personali raccolti da questo Sito Web, in modo autonomo o tramite terze parti, ci sono: Strumento di Tracciamento; Dati di","robots":{"index":"index","follow":"follow","max-snippet":"max-snippet:-1","max-image-preview":"max-image-preview:large","max-video-preview":"max-video-preview:-1"},"canonical":"https:\/\/rilegato.com\/en\/privacy-policy\/","og_locale":"en_US","og_type":"article","og_title":"Privacy policy - Rilegato!","og_description":"Privacy policy Fra i Dati Personali raccolti da questo Sito Web, in modo autonomo o tramite terze parti, ci sono: Strumento di Tracciamento; Dati di","og_url":"https:\/\/rilegato.com\/en\/privacy-policy\/","og_site_name":"Rilegato!","article_publisher":"https:\/\/www.facebook.com\/rilegatoshop","twitter_card":"summary_large_image","twitter_misc":{"Est. reading time":"1 minute"},"schema":{"@context":"https:\/\/schema.org","@graph":[{"@type":"WebPage","@id":"https:\/\/rilegato.com\/en\/privacy-policy\/","url":"https:\/\/rilegato.com\/en\/privacy-policy\/","name":"Privacy policy - Rilegato!","isPartOf":{"@id":"https:\/\/rilegato.com\/en\/#website"},"datePublished":"2022-01-25T13:20:26+00:00","description":"Privacy policy Fra i Dati Personali raccolti da questo Sito Web, in modo autonomo o tramite terze parti, ci sono: Strumento di Tracciamento; Dati di","breadcrumb":{"@id":"https:\/\/rilegato.com\/en\/privacy-policy\/#breadcrumb"},"inLanguage":"en-US","potentialAction":[{"@type":"ReadAction","target":["https:\/\/rilegato.com\/en\/privacy-policy\/"]}]},{"@type":"BreadcrumbList","@id":"https:\/\/rilegato.com\/en\/privacy-policy\/#breadcrumb","itemListElement":[{"@type":"ListItem","position":1,"name":"Home","item":"https:\/\/rilegato.com\/en\/"},{"@type":"ListItem","position":2,"name":"Privacy policy"}]},{"@type":"WebSite","@id":"https:\/\/rilegato.com\/en\/#website","url":"https:\/\/rilegato.com\/en\/","name":"Rilegato!","description":"Your B2B online shop for letterpress printing.","publisher":{"@id":"https:\/\/rilegato.com\/en\/#organization"},"alternateName":"Rilegato","potentialAction":[{"@type":"SearchAction","target":{"@type":"EntryPoint","urlTemplate":"https:\/\/rilegato.com\/en\/?s={search_term_string}"},"query-input":{"@type":"PropertyValueSpecification","valueRequired":true,"valueName":"search_term_string"}}],"inLanguage":"en-US"},{"@type":"Organization","@id":"https:\/\/rilegato.com\/en\/#organization","name":"Rilegato","url":"https:\/\/rilegato.com\/en\/","logo":{"@type":"ImageObject","inLanguage":"en-US","@id":"https:\/\/rilegato.com\/en\/#\/schema\/logo\/image\/","url":"https:\/\/rilegato.com\/app\/uploads\/2022\/12\/rilegato-logo-seo.png","contentUrl":"https:\/\/rilegato.com\/app\/uploads\/2022\/12\/rilegato-logo-seo.png","width":580,"height":156,"caption":"Rilegato"},"image":{"@id":"https:\/\/rilegato.com\/en\/#\/schema\/logo\/image\/"},"sameAs":["https:\/\/www.facebook.com\/rilegatoshop","https:\/\/www.linkedin.com\/company\/rilegato\/"]}]}},"jetpack_sharing_enabled":true,"_links":{"self":[{"href":"https:\/\/rilegato.com\/en\/wp-json\/wp\/v2\/pages\/11982","targetHints":{"allow":["GET"]}}],"collection":[{"href":"https:\/\/rilegato.com\/en\/wp-json\/wp\/v2\/pages"}],"about":[{"href":"https:\/\/rilegato.com\/en\/wp-json\/wp\/v2\/types\/page"}],"author":[{"embeddable":true,"href":"https:\/\/rilegato.com\/en\/wp-json\/wp\/v2\/users\/1"}],"replies":[{"embeddable":true,"href":"https:\/\/rilegato.com\/en\/wp-json\/wp\/v2\/comments?post=11982"}],"version-history":[{"count":0,"href":"https:\/\/rilegato.com\/en\/wp-json\/wp\/v2\/pages\/11982\/revisions"}],"wp:attachment":[{"href":"https:\/\/rilegato.com\/en\/wp-json\/wp\/v2\/media?parent=11982"}],"curies":[{"name":"wp","href":"https:\/\/api.w.org\/{rel}","templated":true}]}}