{"id":14227,"date":"2024-04-22T15:29:29","date_gmt":"2024-04-22T13:29:29","guid":{"rendered":"https:\/\/rilegato.com\/prodotto\/quick-wash-uv-20-lt\/"},"modified":"2025-11-13T12:57:42","modified_gmt":"2025-11-13T11:57:42","slug":"quick-wash-uv-20-lt","status":"publish","type":"product","link":"https:\/\/rilegato.com\/en\/prodotto\/quick-wash-uv-20-lt\/","title":{"rendered":"QUICK WASH UV &#8211; 20 LT"},"content":{"rendered":"<p>Quick Wash UV di Recyl \u00e8 un prodotto per il lavaggio manuale e in macchina di lastre e pezzi (pulizia quotidiana).<\/p>\n<p>\u00c8 perfettamente adatto alla pulizia di inchiostri e vernici UV da:<\/p>\n<p>1. Parti come camere a racla, vassoi di inchiostro, racle, ecc.<br \/>\n2. Lastre fotopolimeriche:<br \/>\n&#8211; Quick Wash UV assicura che le lastre rimangano utilizzabili per un periodo di tempo pi\u00f9 lungo.<br \/>\n&#8211; L&#8217;uso di Quick Wash UV richiede inoltre una minore quantit\u00e0 di spazzolatura rispetto ad altri prodotti non adatti a questo scopo, riducendo cos\u00ec il rischio di perdita delle preziose lastre fotopolimeriche.<br \/>\n3. Anilox per la pulizia quotidiana:<br \/>\nQuick Wash UV assicura che il vostro Anilox rimanga pulito. Mantenere le celle pulite da eventuali depositi di inchiostro riduce anche la necessit\u00e0 di ricorrere frequentemente a prodotti pi\u00f9 potenti.<\/p>\n<p>Propriet\u00e0:<\/p>\n<p>&#8211; Sicuro per l&#8217;alluminio<br \/>\n&#8211; Certificato come detergente sicuro per gli imballaggi alimentari<br \/>\n&#8211; Non infiammabile<br \/>\n&#8211; Inodore<br \/>\n&#8211; Senza VOC<br \/>\n&#8211; Non secca la pelle<br \/>\n&#8211; Rispettoso dell&#8217;ambiente<\/p>\n<p>A differenza dei normali solventi come l&#8217;acetato di etile, l&#8217;alcol isopropilico o il glicole propilenico, pericolosi per la salute dell&#8217;operatore o per l&#8217;ambiente, Quick Wash UV \u00e8 relativamente sicuro e non tossico a molti livelli.<\/p>\n<p>Disponibile in taniche da 20 l e 220 l.<\/p>\n<hr class=\"schedatecnica\" \/>\n<p><a style=\"color: #ff7150;\" href=\"https:\/\/rilegato.com\/schede-prodotto\/TDS_RECYL_QW_UV_IT_2024.pdf\" target=\"blank\" rel=\"noopener\">Scheda tecnica: TDS_RECYL_QW_UV_IT_2024.pdf<\/a><\/p>\n<hr class=\"schedatecnica\" \/>\n<p><span class=\"sarch_keys_desc\" style=\"display: none!important;\">CHEMICAL WASHING SOLVENTS<\/span> <span class=\"sarch_keys_desc\" style=\"display: none!important;\">Recyl<\/span><\/p>\n","protected":false},"excerpt":{"rendered":"<p>Prodotto per la pulizia di parti, lastre e anilox per inchiostri UV (pulizia manuale e in macchina)<\/p>\n","protected":false},"featured_media":14212,"template":"","meta":[],"product_cat":[1211,1212],"product_tag":[1553],"class_list":{"0":"post-14227","1":"product","2":"type-product","3":"status-publish","4":"has-post-thumbnail","6":"product_brand-recyl-en","7":"product_cat-chimica-en","8":"product_cat-detergente-en","9":"product_tag-flexoprint-en","11":"first","12":"instock","13":"taxable","14":"shipping-taxable","15":"purchasable","16":"product-type-simple","17":"col-xs-6 col-sm-4","18":"col-md-3 col-lg-3","19":"un-4-cols"},"yoast_head":"<!-- This site is optimized with the Yoast SEO plugin v27.3 - https:\/\/yoast.com\/product\/yoast-seo-wordpress\/ -->\n<title>Recyl QUICK WASH UV - 20 LT - CHEMICAL, WASHING SOLVENTS - Rilegato!<\/title>\n<meta name=\"description\" content=\"Quick Wash UV di Recyl \u00e8 un prodotto per il lavaggio manuale e in macchina di lastre e pezzi (pulizia quotidiana).  \u00c8 perfettamente adatto alla pulizia di inchiostri e vernici UV da:  1. Parti come camere a racla, vassoi di inchiostro, racle, ecc. 2. Lastre fotopolimeriche: - Quick Wash UV assicura che le lastre rimangano utilizzabili per un periodo di tempo pi\u00f9 lungo. - L&#039;uso di Quick Wash UV richiede inoltre una minore quantit\u00e0 di spazzolatura rispetto ad altri prodotti non adatti a questo scopo, riducendo cos\u00ec il rischio di perdita delle preziose lastre fotopolimeriche. 3. Anilox per la pulizia quotidiana: Quick Wash UV assicura che il vostro Anilox rimanga pulito. Mantenere le celle pulite da eventuali depositi di inchiostro riduce anche la necessit\u00e0 di ricorrere frequentemente a prodotti pi\u00f9 potenti.  Propriet\u00e0:  - Sicuro per l&#039;alluminio - Certificato come detergente sicuro per gli imballaggi alimentari - Non infiammabile - Inodore - Senza VOC - Non secca la pelle - Rispettoso dell&#039;ambiente  A differenza dei normali solventi come l&#039;acetato di etile, l&#039;alcol isopropilico o il glicole propilenico, pericolosi per la salute dell&#039;operatore o per l&#039;ambiente, Quick Wash UV \u00e8 relativamente sicuro e non tossico a molti livelli.  Disponibile in taniche da 20 l e 220 l.  Categories: CHEMICAL, WASHING SOLVENTS, FLEXOPRINT\" \/>\n<meta name=\"robots\" content=\"index, follow, max-snippet:-1, max-image-preview:large, max-video-preview:-1\" \/>\n<link rel=\"canonical\" href=\"https:\/\/rilegato.com\/en\/prodotto\/quick-wash-uv-20-lt\/\" \/>\n<meta property=\"og:locale\" content=\"en_US\" \/>\n<meta property=\"og:type\" content=\"article\" \/>\n<meta property=\"og:title\" content=\"Recyl QUICK WASH UV - 20 LT - CHEMICAL, WASHING SOLVENTS - Rilegato!\" \/>\n<meta property=\"og:description\" content=\"Quick Wash UV di Recyl \u00e8 un prodotto per il lavaggio manuale e in macchina di lastre e pezzi (pulizia quotidiana).  \u00c8 perfettamente adatto alla pulizia di inchiostri e vernici UV da:  1. Parti come camere a racla, vassoi di inchiostro, racle, ecc. 2. Lastre fotopolimeriche: - Quick Wash UV assicura che le lastre rimangano utilizzabili per un periodo di tempo pi\u00f9 lungo. - L&#039;uso di Quick Wash UV richiede inoltre una minore quantit\u00e0 di spazzolatura rispetto ad altri prodotti non adatti a questo scopo, riducendo cos\u00ec il rischio di perdita delle preziose lastre fotopolimeriche. 3. Anilox per la pulizia quotidiana: Quick Wash UV assicura che il vostro Anilox rimanga pulito. Mantenere le celle pulite da eventuali depositi di inchiostro riduce anche la necessit\u00e0 di ricorrere frequentemente a prodotti pi\u00f9 potenti.  Propriet\u00e0:  - Sicuro per l&#039;alluminio - Certificato come detergente sicuro per gli imballaggi alimentari - Non infiammabile - Inodore - Senza VOC - Non secca la pelle - Rispettoso dell&#039;ambiente  A differenza dei normali solventi come l&#039;acetato di etile, l&#039;alcol isopropilico o il glicole propilenico, pericolosi per la salute dell&#039;operatore o per l&#039;ambiente, Quick Wash UV \u00e8 relativamente sicuro e non tossico a molti livelli.  Disponibile in taniche da 20 l e 220 l.  Categories: CHEMICAL, WASHING SOLVENTS, FLEXOPRINT\" \/>\n<meta property=\"og:url\" content=\"https:\/\/rilegato.com\/en\/prodotto\/quick-wash-uv-20-lt\/\" \/>\n<meta property=\"og:site_name\" content=\"Rilegato!\" \/>\n<meta property=\"article:publisher\" content=\"https:\/\/www.facebook.com\/rilegatoshop\" \/>\n<meta property=\"article:modified_time\" content=\"2025-11-13T11:57:42+00:00\" \/>\n<meta property=\"og:image\" content=\"https:\/\/rilegato.com\/app\/uploads\/2024\/04\/CHIMICA-RECYL-25LT.jpg\" \/>\n\t<meta property=\"og:image:width\" content=\"1200\" \/>\n\t<meta property=\"og:image:height\" content=\"1200\" \/>\n\t<meta property=\"og:image:type\" content=\"image\/jpeg\" \/>\n<meta name=\"twitter:card\" content=\"summary_large_image\" \/>\n<meta name=\"twitter:label1\" content=\"Est. reading time\" \/>\n\t<meta name=\"twitter:data1\" content=\"2 minutes\" \/>\n<script type=\"application\/ld+json\" class=\"yoast-schema-graph\">{\"@context\":\"https:\\\/\\\/schema.org\",\"@graph\":[{\"@type\":[\"WebPage\",\"ItemPage\"],\"@id\":\"https:\\\/\\\/rilegato.com\\\/en\\\/prodotto\\\/quick-wash-uv-20-lt\\\/\",\"url\":\"https:\\\/\\\/rilegato.com\\\/en\\\/prodotto\\\/quick-wash-uv-20-lt\\\/\",\"name\":\"Recyl QUICK WASH UV - 20 LT - CHEMICAL, WASHING SOLVENTS - Rilegato!\",\"isPartOf\":{\"@id\":\"https:\\\/\\\/rilegato.com\\\/en\\\/#website\"},\"primaryImageOfPage\":{\"@id\":\"https:\\\/\\\/rilegato.com\\\/en\\\/prodotto\\\/quick-wash-uv-20-lt\\\/#primaryimage\"},\"image\":{\"@id\":\"https:\\\/\\\/rilegato.com\\\/en\\\/prodotto\\\/quick-wash-uv-20-lt\\\/#primaryimage\"},\"thumbnailUrl\":\"https:\\\/\\\/rilegato.com\\\/app\\\/uploads\\\/2024\\\/04\\\/CHIMICA-RECYL-25LT.jpg\",\"datePublished\":\"2024-04-22T13:29:29+00:00\",\"dateModified\":\"2025-11-13T11:57:42+00:00\",\"description\":\"Quick Wash UV di Recyl \u00e8 un prodotto per il lavaggio manuale e in macchina di lastre e pezzi (pulizia quotidiana). \u00c8 perfettamente adatto alla pulizia di inchiostri e vernici UV da: 1. Parti come camere a racla, vassoi di inchiostro, racle, ecc. 2. Lastre fotopolimeriche: - Quick Wash UV assicura che le lastre rimangano utilizzabili per un periodo di tempo pi\u00f9 lungo. - L'uso di Quick Wash UV richiede inoltre una minore quantit\u00e0 di spazzolatura rispetto ad altri prodotti non adatti a questo scopo, riducendo cos\u00ec il rischio di perdita delle preziose lastre fotopolimeriche. 3. Anilox per la pulizia quotidiana: Quick Wash UV assicura che il vostro Anilox rimanga pulito. Mantenere le celle pulite da eventuali depositi di inchiostro riduce anche la necessit\u00e0 di ricorrere frequentemente a prodotti pi\u00f9 potenti. Propriet\u00e0: - Sicuro per l'alluminio - Certificato come detergente sicuro per gli imballaggi alimentari - Non infiammabile - Inodore - Senza VOC - Non secca la pelle - Rispettoso dell'ambiente A differenza dei normali solventi come l'acetato di etile, l'alcol isopropilico o il glicole propilenico, pericolosi per la salute dell'operatore o per l'ambiente, Quick Wash UV \u00e8 relativamente sicuro e non tossico a molti livelli. Disponibile in taniche da 20 l e 220 l. Categories: CHEMICAL, WASHING SOLVENTS, FLEXOPRINT\",\"breadcrumb\":{\"@id\":\"https:\\\/\\\/rilegato.com\\\/en\\\/prodotto\\\/quick-wash-uv-20-lt\\\/#breadcrumb\"},\"inLanguage\":\"en-US\",\"potentialAction\":[{\"@type\":\"ReadAction\",\"target\":[\"https:\\\/\\\/rilegato.com\\\/en\\\/prodotto\\\/quick-wash-uv-20-lt\\\/\"]}]},{\"@type\":\"ImageObject\",\"inLanguage\":\"en-US\",\"@id\":\"https:\\\/\\\/rilegato.com\\\/en\\\/prodotto\\\/quick-wash-uv-20-lt\\\/#primaryimage\",\"url\":\"https:\\\/\\\/rilegato.com\\\/app\\\/uploads\\\/2024\\\/04\\\/CHIMICA-RECYL-25LT.jpg\",\"contentUrl\":\"https:\\\/\\\/rilegato.com\\\/app\\\/uploads\\\/2024\\\/04\\\/CHIMICA-RECYL-25LT.jpg\",\"width\":1200,\"height\":1200},{\"@type\":\"BreadcrumbList\",\"@id\":\"https:\\\/\\\/rilegato.com\\\/en\\\/prodotto\\\/quick-wash-uv-20-lt\\\/#breadcrumb\",\"itemListElement\":[{\"@type\":\"ListItem\",\"position\":1,\"name\":\"Home\",\"item\":\"https:\\\/\\\/rilegato.com\\\/en\\\/\"},{\"@type\":\"ListItem\",\"position\":2,\"name\":\"Shop\",\"item\":\"https:\\\/\\\/rilegato.com\\\/en\\\/shop\\\/\"},{\"@type\":\"ListItem\",\"position\":3,\"name\":\"QUICK WASH UV &#8211; 20 LT\"}]},{\"@type\":\"WebSite\",\"@id\":\"https:\\\/\\\/rilegato.com\\\/en\\\/#website\",\"url\":\"https:\\\/\\\/rilegato.com\\\/en\\\/\",\"name\":\"Rilegato!\",\"description\":\"Your B2B online shop for letterpress printing.\",\"publisher\":{\"@id\":\"https:\\\/\\\/rilegato.com\\\/en\\\/#organization\"},\"alternateName\":\"Rilegato\",\"potentialAction\":[{\"@type\":\"SearchAction\",\"target\":{\"@type\":\"EntryPoint\",\"urlTemplate\":\"https:\\\/\\\/rilegato.com\\\/en\\\/?s={search_term_string}\"},\"query-input\":{\"@type\":\"PropertyValueSpecification\",\"valueRequired\":true,\"valueName\":\"search_term_string\"}}],\"inLanguage\":\"en-US\"},{\"@type\":\"Organization\",\"@id\":\"https:\\\/\\\/rilegato.com\\\/en\\\/#organization\",\"name\":\"Rilegato\",\"url\":\"https:\\\/\\\/rilegato.com\\\/en\\\/\",\"logo\":{\"@type\":\"ImageObject\",\"inLanguage\":\"en-US\",\"@id\":\"https:\\\/\\\/rilegato.com\\\/en\\\/#\\\/schema\\\/logo\\\/image\\\/\",\"url\":\"https:\\\/\\\/rilegato.com\\\/app\\\/uploads\\\/2022\\\/12\\\/rilegato-logo-seo.png\",\"contentUrl\":\"https:\\\/\\\/rilegato.com\\\/app\\\/uploads\\\/2022\\\/12\\\/rilegato-logo-seo.png\",\"width\":580,\"height\":156,\"caption\":\"Rilegato\"},\"image\":{\"@id\":\"https:\\\/\\\/rilegato.com\\\/en\\\/#\\\/schema\\\/logo\\\/image\\\/\"},\"sameAs\":[\"https:\\\/\\\/www.facebook.com\\\/rilegatoshop\",\"https:\\\/\\\/www.linkedin.com\\\/company\\\/rilegato\\\/\"]}]}<\/script>\n<!-- \/ Yoast SEO plugin. -->","yoast_head_json":{"title":"Recyl QUICK WASH UV - 20 LT - CHEMICAL, WASHING SOLVENTS - Rilegato!","description":"Quick Wash UV di Recyl \u00e8 un prodotto per il lavaggio manuale e in macchina di lastre e pezzi (pulizia quotidiana).  \u00c8 perfettamente adatto alla pulizia di inchiostri e vernici UV da:  1. Parti come camere a racla, vassoi di inchiostro, racle, ecc. 2. Lastre fotopolimeriche: - Quick Wash UV assicura che le lastre rimangano utilizzabili per un periodo di tempo pi\u00f9 lungo. - L'uso di Quick Wash UV richiede inoltre una minore quantit\u00e0 di spazzolatura rispetto ad altri prodotti non adatti a questo scopo, riducendo cos\u00ec il rischio di perdita delle preziose lastre fotopolimeriche. 3. Anilox per la pulizia quotidiana: Quick Wash UV assicura che il vostro Anilox rimanga pulito. Mantenere le celle pulite da eventuali depositi di inchiostro riduce anche la necessit\u00e0 di ricorrere frequentemente a prodotti pi\u00f9 potenti.  Propriet\u00e0:  - Sicuro per l'alluminio - Certificato come detergente sicuro per gli imballaggi alimentari - Non infiammabile - Inodore - Senza VOC - Non secca la pelle - Rispettoso dell'ambiente  A differenza dei normali solventi come l'acetato di etile, l'alcol isopropilico o il glicole propilenico, pericolosi per la salute dell'operatore o per l'ambiente, Quick Wash UV \u00e8 relativamente sicuro e non tossico a molti livelli.  Disponibile in taniche da 20 l e 220 l.  Categories: CHEMICAL, WASHING SOLVENTS, FLEXOPRINT","robots":{"index":"index","follow":"follow","max-snippet":"max-snippet:-1","max-image-preview":"max-image-preview:large","max-video-preview":"max-video-preview:-1"},"canonical":"https:\/\/rilegato.com\/en\/prodotto\/quick-wash-uv-20-lt\/","og_locale":"en_US","og_type":"article","og_title":"Recyl QUICK WASH UV - 20 LT - CHEMICAL, WASHING SOLVENTS - Rilegato!","og_description":"Quick Wash UV di Recyl \u00e8 un prodotto per il lavaggio manuale e in macchina di lastre e pezzi (pulizia quotidiana).  \u00c8 perfettamente adatto alla pulizia di inchiostri e vernici UV da:  1. Parti come camere a racla, vassoi di inchiostro, racle, ecc. 2. Lastre fotopolimeriche: - Quick Wash UV assicura che le lastre rimangano utilizzabili per un periodo di tempo pi\u00f9 lungo. - L'uso di Quick Wash UV richiede inoltre una minore quantit\u00e0 di spazzolatura rispetto ad altri prodotti non adatti a questo scopo, riducendo cos\u00ec il rischio di perdita delle preziose lastre fotopolimeriche. 3. Anilox per la pulizia quotidiana: Quick Wash UV assicura che il vostro Anilox rimanga pulito. Mantenere le celle pulite da eventuali depositi di inchiostro riduce anche la necessit\u00e0 di ricorrere frequentemente a prodotti pi\u00f9 potenti.  Propriet\u00e0:  - Sicuro per l'alluminio - Certificato come detergente sicuro per gli imballaggi alimentari - Non infiammabile - Inodore - Senza VOC - Non secca la pelle - Rispettoso dell'ambiente  A differenza dei normali solventi come l'acetato di etile, l'alcol isopropilico o il glicole propilenico, pericolosi per la salute dell'operatore o per l'ambiente, Quick Wash UV \u00e8 relativamente sicuro e non tossico a molti livelli.  Disponibile in taniche da 20 l e 220 l.  Categories: CHEMICAL, WASHING SOLVENTS, FLEXOPRINT","og_url":"https:\/\/rilegato.com\/en\/prodotto\/quick-wash-uv-20-lt\/","og_site_name":"Rilegato!","article_publisher":"https:\/\/www.facebook.com\/rilegatoshop","article_modified_time":"2025-11-13T11:57:42+00:00","og_image":[{"width":1200,"height":1200,"url":"https:\/\/rilegato.com\/app\/uploads\/2024\/04\/CHIMICA-RECYL-25LT.jpg","type":"image\/jpeg"}],"twitter_card":"summary_large_image","twitter_misc":{"Est. reading time":"2 minutes"},"schema":{"@context":"https:\/\/schema.org","@graph":[{"@type":["WebPage","ItemPage"],"@id":"https:\/\/rilegato.com\/en\/prodotto\/quick-wash-uv-20-lt\/","url":"https:\/\/rilegato.com\/en\/prodotto\/quick-wash-uv-20-lt\/","name":"Recyl QUICK WASH UV - 20 LT - CHEMICAL, WASHING SOLVENTS - Rilegato!","isPartOf":{"@id":"https:\/\/rilegato.com\/en\/#website"},"primaryImageOfPage":{"@id":"https:\/\/rilegato.com\/en\/prodotto\/quick-wash-uv-20-lt\/#primaryimage"},"image":{"@id":"https:\/\/rilegato.com\/en\/prodotto\/quick-wash-uv-20-lt\/#primaryimage"},"thumbnailUrl":"https:\/\/rilegato.com\/app\/uploads\/2024\/04\/CHIMICA-RECYL-25LT.jpg","datePublished":"2024-04-22T13:29:29+00:00","dateModified":"2025-11-13T11:57:42+00:00","description":"Quick Wash UV di Recyl \u00e8 un prodotto per il lavaggio manuale e in macchina di lastre e pezzi (pulizia quotidiana). \u00c8 perfettamente adatto alla pulizia di inchiostri e vernici UV da: 1. Parti come camere a racla, vassoi di inchiostro, racle, ecc. 2. Lastre fotopolimeriche: - Quick Wash UV assicura che le lastre rimangano utilizzabili per un periodo di tempo pi\u00f9 lungo. - L'uso di Quick Wash UV richiede inoltre una minore quantit\u00e0 di spazzolatura rispetto ad altri prodotti non adatti a questo scopo, riducendo cos\u00ec il rischio di perdita delle preziose lastre fotopolimeriche. 3. Anilox per la pulizia quotidiana: Quick Wash UV assicura che il vostro Anilox rimanga pulito. Mantenere le celle pulite da eventuali depositi di inchiostro riduce anche la necessit\u00e0 di ricorrere frequentemente a prodotti pi\u00f9 potenti. Propriet\u00e0: - Sicuro per l'alluminio - Certificato come detergente sicuro per gli imballaggi alimentari - Non infiammabile - Inodore - Senza VOC - Non secca la pelle - Rispettoso dell'ambiente A differenza dei normali solventi come l'acetato di etile, l'alcol isopropilico o il glicole propilenico, pericolosi per la salute dell'operatore o per l'ambiente, Quick Wash UV \u00e8 relativamente sicuro e non tossico a molti livelli. Disponibile in taniche da 20 l e 220 l. Categories: CHEMICAL, WASHING SOLVENTS, FLEXOPRINT","breadcrumb":{"@id":"https:\/\/rilegato.com\/en\/prodotto\/quick-wash-uv-20-lt\/#breadcrumb"},"inLanguage":"en-US","potentialAction":[{"@type":"ReadAction","target":["https:\/\/rilegato.com\/en\/prodotto\/quick-wash-uv-20-lt\/"]}]},{"@type":"ImageObject","inLanguage":"en-US","@id":"https:\/\/rilegato.com\/en\/prodotto\/quick-wash-uv-20-lt\/#primaryimage","url":"https:\/\/rilegato.com\/app\/uploads\/2024\/04\/CHIMICA-RECYL-25LT.jpg","contentUrl":"https:\/\/rilegato.com\/app\/uploads\/2024\/04\/CHIMICA-RECYL-25LT.jpg","width":1200,"height":1200},{"@type":"BreadcrumbList","@id":"https:\/\/rilegato.com\/en\/prodotto\/quick-wash-uv-20-lt\/#breadcrumb","itemListElement":[{"@type":"ListItem","position":1,"name":"Home","item":"https:\/\/rilegato.com\/en\/"},{"@type":"ListItem","position":2,"name":"Shop","item":"https:\/\/rilegato.com\/en\/shop\/"},{"@type":"ListItem","position":3,"name":"QUICK WASH UV &#8211; 20 LT"}]},{"@type":"WebSite","@id":"https:\/\/rilegato.com\/en\/#website","url":"https:\/\/rilegato.com\/en\/","name":"Rilegato!","description":"Your B2B online shop for letterpress printing.","publisher":{"@id":"https:\/\/rilegato.com\/en\/#organization"},"alternateName":"Rilegato","potentialAction":[{"@type":"SearchAction","target":{"@type":"EntryPoint","urlTemplate":"https:\/\/rilegato.com\/en\/?s={search_term_string}"},"query-input":{"@type":"PropertyValueSpecification","valueRequired":true,"valueName":"search_term_string"}}],"inLanguage":"en-US"},{"@type":"Organization","@id":"https:\/\/rilegato.com\/en\/#organization","name":"Rilegato","url":"https:\/\/rilegato.com\/en\/","logo":{"@type":"ImageObject","inLanguage":"en-US","@id":"https:\/\/rilegato.com\/en\/#\/schema\/logo\/image\/","url":"https:\/\/rilegato.com\/app\/uploads\/2022\/12\/rilegato-logo-seo.png","contentUrl":"https:\/\/rilegato.com\/app\/uploads\/2022\/12\/rilegato-logo-seo.png","width":580,"height":156,"caption":"Rilegato"},"image":{"@id":"https:\/\/rilegato.com\/en\/#\/schema\/logo\/image\/"},"sameAs":["https:\/\/www.facebook.com\/rilegatoshop","https:\/\/www.linkedin.com\/company\/rilegato\/"]}]}},"df_price":180,"df_sale_price":"","df_regular_price":180,"df_image_link":"https:\/\/rilegato.com\/app\/uploads\/2024\/04\/CHIMICA-RECYL-25LT-300x300.jpg","jetpack_sharing_enabled":true,"_links":{"self":[{"href":"https:\/\/rilegato.com\/en\/wp-json\/wp\/v2\/product\/14227","targetHints":{"allow":["GET"]}}],"collection":[{"href":"https:\/\/rilegato.com\/en\/wp-json\/wp\/v2\/product"}],"about":[{"href":"https:\/\/rilegato.com\/en\/wp-json\/wp\/v2\/types\/product"}],"wp:featuredmedia":[{"embeddable":true,"href":"https:\/\/rilegato.com\/en\/wp-json\/wp\/v2\/media\/14212"}],"wp:attachment":[{"href":"https:\/\/rilegato.com\/en\/wp-json\/wp\/v2\/media?parent=14227"}],"wp:term":[{"taxonomy":"product_cat","embeddable":true,"href":"https:\/\/rilegato.com\/en\/wp-json\/wp\/v2\/product_cat?post=14227"},{"taxonomy":"product_tag","embeddable":true,"href":"https:\/\/rilegato.com\/en\/wp-json\/wp\/v2\/product_tag?post=14227"}],"curies":[{"name":"wp","href":"https:\/\/api.w.org\/{rel}","templated":true}]}}