{"id":17451,"date":"2025-11-12T11:02:07","date_gmt":"2025-11-12T10:02:07","guid":{"rendered":"https:\/\/rilegato.com\/prodotto\/pragopaste-512-600ml\/"},"modified":"2025-11-12T11:19:52","modified_gmt":"2025-11-12T10:19:52","slug":"pragopaste-512-600ml","status":"publish","type":"product","link":"https:\/\/rilegato.com\/en\/prodotto\/pragopaste-512-600ml\/","title":{"rendered":"PR\u00c4GOpaste 512 -600ml"},"content":{"rendered":"<p>600 ml package of PR\u00c4GOpaste 512.<\/p>\n<p>PR\u00c4GOpaste is used for the production of counter dies in all die-cutting and cylinder machines as well as in all other embossing and stamping machines.<\/p>\n<p>&#8211; For blind embossing of cardboard in the thickness range from 200 g\/m\u00b2 to 500 g\/m\u00b2, when working with large individual embossing dies or with multiple uses simultaneously.<br \/>\n&#8211; For blind embossing of super fine structures on paper in the thickness range from 60 g\/m\u00b2 to 120 g\/m\u00b2 .<br \/>\n&#8211; Is a ready-to-use paste. It is applied to the metal embossing die positioned in the machine and covered with an 80 g\/m\u00b2 wood-free paper. After the machine has been run several times, the paste will mould to the metal die.<br \/>\n&#8211; It has a hardening time of about 45-90 minutes (depending on the volume\/thickness of the counter die). This time allows for a careful reshaping of the individual patrices before the paste hardens.<br \/>\n&#8211; Remains unchanged even at the highest production levels and shows no signs of wear.<\/p>\n<p>Carefully follow the instructions for use to ensure optimal product performance.<\/p>\n<hr class=\"schedatecnica\" \/>\n<p><a style=\"color: #ff7150;\" href=\"https:\/\/rilegato.com\/schede-prodotto\/PR\u00c4GOPaste_TCL-Solutions.pdf\" target=\"blank\" rel=\"noopener\">Data sheet: PR\u00c4GOPaste_TCL-Solutions.pdf<\/a><\/p>\n<hr class=\"schedatecnica\" \/>\n<p><span class=\"sarch_keys_desc\" style=\"display: none!important;\">ACCESSORIESEMBOSSING MATERIAL<\/span> <span class=\"sarch_keys_desc\" style=\"display: none!important;\">TCL-Solutions<\/span><\/p>\n","protected":false},"excerpt":{"rendered":"<p>Ready-to-use paste for the production of counter dies in all die-cutting and cylinder machines as well as in all other embossing and stamping machines.<\/p>\n","protected":false},"featured_media":17450,"template":"","meta":[],"product_cat":[1133,1607],"product_tag":[],"class_list":{"0":"post-17451","1":"product","2":"type-product","3":"status-publish","4":"has-post-thumbnail","6":"product_brand-tcl-solutions","7":"product_cat-accessori-en","8":"product_cat-embossing-material","10":"first","11":"instock","12":"taxable","13":"shipping-taxable","14":"purchasable","15":"product-type-simple","16":"col-xs-6 col-sm-4","17":"col-md-3 col-lg-3","18":"un-4-cols"},"yoast_head":"<!-- This site is optimized with the Yoast SEO plugin v27.3 - https:\/\/yoast.com\/product\/yoast-seo-wordpress\/ -->\n<title>TCL-Solutions PR\u00c4GOpaste 512 -600ml - ACCESSORIES, EMBOSSING MATERIAL - Rilegato!<\/title>\n<meta name=\"description\" content=\"600 ml package of PR\u00c4GOpaste 512.  PR\u00c4GOpaste is used for the production of counter dies in all die-cutting and cylinder machines as well as in all other embossing and stamping machines.  - For blind embossing of cardboard in the thickness range from 200 g\/m\u00b2 to 500 g\/m\u00b2, when working with large individual embossing dies or with multiple uses simultaneously. - For blind embossing of super fine structures on paper in the thickness range from 60 g\/m\u00b2 to 120 g\/m\u00b2 . - Is a ready-to-use paste. It is applied to the metal embossing die positioned in the machine and covered with an 80 g\/m\u00b2 wood-free paper. After the machine has been run several times, the paste will mould to the metal die. - It has a hardening time of about 45-90 minutes (depending on the volume\/thickness of the counter die). This time allows for a careful reshaping of the individual patrices before the paste hardens. - Remains unchanged even at the highest production levels and shows no signs of wear.  Carefully follow the instructions for use to ensure optimal product performance.  Categories: ACCESSORIES, EMBOSSING MATERIAL\" \/>\n<meta name=\"robots\" content=\"index, follow, max-snippet:-1, max-image-preview:large, max-video-preview:-1\" \/>\n<link rel=\"canonical\" href=\"https:\/\/rilegato.com\/en\/prodotto\/pragopaste-512-600ml\/\" \/>\n<meta property=\"og:locale\" content=\"en_US\" \/>\n<meta property=\"og:type\" content=\"article\" \/>\n<meta property=\"og:title\" content=\"TCL-Solutions PR\u00c4GOpaste 512 -600ml - ACCESSORIES, EMBOSSING MATERIAL - Rilegato!\" \/>\n<meta property=\"og:description\" content=\"600 ml package of PR\u00c4GOpaste 512.  PR\u00c4GOpaste is used for the production of counter dies in all die-cutting and cylinder machines as well as in all other embossing and stamping machines.  - For blind embossing of cardboard in the thickness range from 200 g\/m\u00b2 to 500 g\/m\u00b2, when working with large individual embossing dies or with multiple uses simultaneously. - For blind embossing of super fine structures on paper in the thickness range from 60 g\/m\u00b2 to 120 g\/m\u00b2 . - Is a ready-to-use paste. It is applied to the metal embossing die positioned in the machine and covered with an 80 g\/m\u00b2 wood-free paper. After the machine has been run several times, the paste will mould to the metal die. - It has a hardening time of about 45-90 minutes (depending on the volume\/thickness of the counter die). This time allows for a careful reshaping of the individual patrices before the paste hardens. - Remains unchanged even at the highest production levels and shows no signs of wear.  Carefully follow the instructions for use to ensure optimal product performance.  Categories: ACCESSORIES, EMBOSSING MATERIAL\" \/>\n<meta property=\"og:url\" content=\"https:\/\/rilegato.com\/en\/prodotto\/pragopaste-512-600ml\/\" \/>\n<meta property=\"og:site_name\" content=\"Rilegato!\" \/>\n<meta property=\"article:publisher\" content=\"https:\/\/www.facebook.com\/rilegatoshop\" \/>\n<meta property=\"article:modified_time\" content=\"2025-11-12T10:19:52+00:00\" \/>\n<meta property=\"og:image\" content=\"https:\/\/rilegato.com\/app\/uploads\/2025\/11\/TCL_PRAGOpaste_0512v2.jpg\" \/>\n\t<meta property=\"og:image:width\" content=\"2032\" \/>\n\t<meta property=\"og:image:height\" content=\"2033\" \/>\n\t<meta property=\"og:image:type\" content=\"image\/jpeg\" \/>\n<meta name=\"twitter:card\" content=\"summary_large_image\" \/>\n<meta name=\"twitter:label1\" content=\"Est. reading time\" \/>\n\t<meta name=\"twitter:data1\" content=\"1 minute\" \/>\n<script type=\"application\/ld+json\" class=\"yoast-schema-graph\">{\"@context\":\"https:\\\/\\\/schema.org\",\"@graph\":[{\"@type\":[\"WebPage\",\"ItemPage\"],\"@id\":\"https:\\\/\\\/rilegato.com\\\/en\\\/prodotto\\\/pragopaste-512-600ml\\\/\",\"url\":\"https:\\\/\\\/rilegato.com\\\/en\\\/prodotto\\\/pragopaste-512-600ml\\\/\",\"name\":\"TCL-Solutions PR\u00c4GOpaste 512 -600ml - ACCESSORIES, EMBOSSING MATERIAL - Rilegato!\",\"isPartOf\":{\"@id\":\"https:\\\/\\\/rilegato.com\\\/en\\\/#website\"},\"primaryImageOfPage\":{\"@id\":\"https:\\\/\\\/rilegato.com\\\/en\\\/prodotto\\\/pragopaste-512-600ml\\\/#primaryimage\"},\"image\":{\"@id\":\"https:\\\/\\\/rilegato.com\\\/en\\\/prodotto\\\/pragopaste-512-600ml\\\/#primaryimage\"},\"thumbnailUrl\":\"https:\\\/\\\/rilegato.com\\\/app\\\/uploads\\\/2025\\\/11\\\/TCL_PRAGOpaste_0512v2.jpg\",\"datePublished\":\"2025-11-12T10:02:07+00:00\",\"dateModified\":\"2025-11-12T10:19:52+00:00\",\"description\":\"600 ml package of PR\u00c4GOpaste 512. PR\u00c4GOpaste is used for the production of counter dies in all die-cutting and cylinder machines as well as in all other embossing and stamping machines. - For blind embossing of cardboard in the thickness range from 200 g\\\/m\u00b2 to 500 g\\\/m\u00b2, when working with large individual embossing dies or with multiple uses simultaneously. - For blind embossing of super fine structures on paper in the thickness range from 60 g\\\/m\u00b2 to 120 g\\\/m\u00b2 . - Is a ready-to-use paste. It is applied to the metal embossing die positioned in the machine and covered with an 80 g\\\/m\u00b2 wood-free paper. After the machine has been run several times, the paste will mould to the metal die. - It has a hardening time of about 45-90 minutes (depending on the volume\\\/thickness of the counter die). This time allows for a careful reshaping of the individual patrices before the paste hardens. - Remains unchanged even at the highest production levels and shows no signs of wear. Carefully follow the instructions for use to ensure optimal product performance. Categories: ACCESSORIES, EMBOSSING MATERIAL\",\"breadcrumb\":{\"@id\":\"https:\\\/\\\/rilegato.com\\\/en\\\/prodotto\\\/pragopaste-512-600ml\\\/#breadcrumb\"},\"inLanguage\":\"en-US\",\"potentialAction\":[{\"@type\":\"ReadAction\",\"target\":[\"https:\\\/\\\/rilegato.com\\\/en\\\/prodotto\\\/pragopaste-512-600ml\\\/\"]}]},{\"@type\":\"ImageObject\",\"inLanguage\":\"en-US\",\"@id\":\"https:\\\/\\\/rilegato.com\\\/en\\\/prodotto\\\/pragopaste-512-600ml\\\/#primaryimage\",\"url\":\"https:\\\/\\\/rilegato.com\\\/app\\\/uploads\\\/2025\\\/11\\\/TCL_PRAGOpaste_0512v2.jpg\",\"contentUrl\":\"https:\\\/\\\/rilegato.com\\\/app\\\/uploads\\\/2025\\\/11\\\/TCL_PRAGOpaste_0512v2.jpg\",\"width\":2032,\"height\":2033},{\"@type\":\"BreadcrumbList\",\"@id\":\"https:\\\/\\\/rilegato.com\\\/en\\\/prodotto\\\/pragopaste-512-600ml\\\/#breadcrumb\",\"itemListElement\":[{\"@type\":\"ListItem\",\"position\":1,\"name\":\"Home\",\"item\":\"https:\\\/\\\/rilegato.com\\\/en\\\/\"},{\"@type\":\"ListItem\",\"position\":2,\"name\":\"Shop\",\"item\":\"https:\\\/\\\/rilegato.com\\\/en\\\/shop\\\/\"},{\"@type\":\"ListItem\",\"position\":3,\"name\":\"PR\u00c4GOpaste 512 -600ml\"}]},{\"@type\":\"WebSite\",\"@id\":\"https:\\\/\\\/rilegato.com\\\/en\\\/#website\",\"url\":\"https:\\\/\\\/rilegato.com\\\/en\\\/\",\"name\":\"Rilegato!\",\"description\":\"Your B2B online shop for letterpress printing.\",\"publisher\":{\"@id\":\"https:\\\/\\\/rilegato.com\\\/en\\\/#organization\"},\"alternateName\":\"Rilegato\",\"potentialAction\":[{\"@type\":\"SearchAction\",\"target\":{\"@type\":\"EntryPoint\",\"urlTemplate\":\"https:\\\/\\\/rilegato.com\\\/en\\\/?s={search_term_string}\"},\"query-input\":{\"@type\":\"PropertyValueSpecification\",\"valueRequired\":true,\"valueName\":\"search_term_string\"}}],\"inLanguage\":\"en-US\"},{\"@type\":\"Organization\",\"@id\":\"https:\\\/\\\/rilegato.com\\\/en\\\/#organization\",\"name\":\"Rilegato\",\"url\":\"https:\\\/\\\/rilegato.com\\\/en\\\/\",\"logo\":{\"@type\":\"ImageObject\",\"inLanguage\":\"en-US\",\"@id\":\"https:\\\/\\\/rilegato.com\\\/en\\\/#\\\/schema\\\/logo\\\/image\\\/\",\"url\":\"https:\\\/\\\/rilegato.com\\\/app\\\/uploads\\\/2022\\\/12\\\/rilegato-logo-seo.png\",\"contentUrl\":\"https:\\\/\\\/rilegato.com\\\/app\\\/uploads\\\/2022\\\/12\\\/rilegato-logo-seo.png\",\"width\":580,\"height\":156,\"caption\":\"Rilegato\"},\"image\":{\"@id\":\"https:\\\/\\\/rilegato.com\\\/en\\\/#\\\/schema\\\/logo\\\/image\\\/\"},\"sameAs\":[\"https:\\\/\\\/www.facebook.com\\\/rilegatoshop\",\"https:\\\/\\\/www.linkedin.com\\\/company\\\/rilegato\\\/\"]}]}<\/script>\n<!-- \/ Yoast SEO plugin. -->","yoast_head_json":{"title":"TCL-Solutions PR\u00c4GOpaste 512 -600ml - ACCESSORIES, EMBOSSING MATERIAL - Rilegato!","description":"600 ml package of PR\u00c4GOpaste 512.  PR\u00c4GOpaste is used for the production of counter dies in all die-cutting and cylinder machines as well as in all other embossing and stamping machines.  - For blind embossing of cardboard in the thickness range from 200 g\/m\u00b2 to 500 g\/m\u00b2, when working with large individual embossing dies or with multiple uses simultaneously. - For blind embossing of super fine structures on paper in the thickness range from 60 g\/m\u00b2 to 120 g\/m\u00b2 . - Is a ready-to-use paste. It is applied to the metal embossing die positioned in the machine and covered with an 80 g\/m\u00b2 wood-free paper. After the machine has been run several times, the paste will mould to the metal die. - It has a hardening time of about 45-90 minutes (depending on the volume\/thickness of the counter die). This time allows for a careful reshaping of the individual patrices before the paste hardens. - Remains unchanged even at the highest production levels and shows no signs of wear.  Carefully follow the instructions for use to ensure optimal product performance.  Categories: ACCESSORIES, EMBOSSING MATERIAL","robots":{"index":"index","follow":"follow","max-snippet":"max-snippet:-1","max-image-preview":"max-image-preview:large","max-video-preview":"max-video-preview:-1"},"canonical":"https:\/\/rilegato.com\/en\/prodotto\/pragopaste-512-600ml\/","og_locale":"en_US","og_type":"article","og_title":"TCL-Solutions PR\u00c4GOpaste 512 -600ml - ACCESSORIES, EMBOSSING MATERIAL - Rilegato!","og_description":"600 ml package of PR\u00c4GOpaste 512.  PR\u00c4GOpaste is used for the production of counter dies in all die-cutting and cylinder machines as well as in all other embossing and stamping machines.  - For blind embossing of cardboard in the thickness range from 200 g\/m\u00b2 to 500 g\/m\u00b2, when working with large individual embossing dies or with multiple uses simultaneously. - For blind embossing of super fine structures on paper in the thickness range from 60 g\/m\u00b2 to 120 g\/m\u00b2 . - Is a ready-to-use paste. It is applied to the metal embossing die positioned in the machine and covered with an 80 g\/m\u00b2 wood-free paper. After the machine has been run several times, the paste will mould to the metal die. - It has a hardening time of about 45-90 minutes (depending on the volume\/thickness of the counter die). This time allows for a careful reshaping of the individual patrices before the paste hardens. - Remains unchanged even at the highest production levels and shows no signs of wear.  Carefully follow the instructions for use to ensure optimal product performance.  Categories: ACCESSORIES, EMBOSSING MATERIAL","og_url":"https:\/\/rilegato.com\/en\/prodotto\/pragopaste-512-600ml\/","og_site_name":"Rilegato!","article_publisher":"https:\/\/www.facebook.com\/rilegatoshop","article_modified_time":"2025-11-12T10:19:52+00:00","og_image":[{"width":2032,"height":2033,"url":"https:\/\/rilegato.com\/app\/uploads\/2025\/11\/TCL_PRAGOpaste_0512v2.jpg","type":"image\/jpeg"}],"twitter_card":"summary_large_image","twitter_misc":{"Est. reading time":"1 minute"},"schema":{"@context":"https:\/\/schema.org","@graph":[{"@type":["WebPage","ItemPage"],"@id":"https:\/\/rilegato.com\/en\/prodotto\/pragopaste-512-600ml\/","url":"https:\/\/rilegato.com\/en\/prodotto\/pragopaste-512-600ml\/","name":"TCL-Solutions PR\u00c4GOpaste 512 -600ml - ACCESSORIES, EMBOSSING MATERIAL - Rilegato!","isPartOf":{"@id":"https:\/\/rilegato.com\/en\/#website"},"primaryImageOfPage":{"@id":"https:\/\/rilegato.com\/en\/prodotto\/pragopaste-512-600ml\/#primaryimage"},"image":{"@id":"https:\/\/rilegato.com\/en\/prodotto\/pragopaste-512-600ml\/#primaryimage"},"thumbnailUrl":"https:\/\/rilegato.com\/app\/uploads\/2025\/11\/TCL_PRAGOpaste_0512v2.jpg","datePublished":"2025-11-12T10:02:07+00:00","dateModified":"2025-11-12T10:19:52+00:00","description":"600 ml package of PR\u00c4GOpaste 512. PR\u00c4GOpaste is used for the production of counter dies in all die-cutting and cylinder machines as well as in all other embossing and stamping machines. - For blind embossing of cardboard in the thickness range from 200 g\/m\u00b2 to 500 g\/m\u00b2, when working with large individual embossing dies or with multiple uses simultaneously. - For blind embossing of super fine structures on paper in the thickness range from 60 g\/m\u00b2 to 120 g\/m\u00b2 . - Is a ready-to-use paste. It is applied to the metal embossing die positioned in the machine and covered with an 80 g\/m\u00b2 wood-free paper. After the machine has been run several times, the paste will mould to the metal die. - It has a hardening time of about 45-90 minutes (depending on the volume\/thickness of the counter die). This time allows for a careful reshaping of the individual patrices before the paste hardens. - Remains unchanged even at the highest production levels and shows no signs of wear. Carefully follow the instructions for use to ensure optimal product performance. Categories: ACCESSORIES, EMBOSSING MATERIAL","breadcrumb":{"@id":"https:\/\/rilegato.com\/en\/prodotto\/pragopaste-512-600ml\/#breadcrumb"},"inLanguage":"en-US","potentialAction":[{"@type":"ReadAction","target":["https:\/\/rilegato.com\/en\/prodotto\/pragopaste-512-600ml\/"]}]},{"@type":"ImageObject","inLanguage":"en-US","@id":"https:\/\/rilegato.com\/en\/prodotto\/pragopaste-512-600ml\/#primaryimage","url":"https:\/\/rilegato.com\/app\/uploads\/2025\/11\/TCL_PRAGOpaste_0512v2.jpg","contentUrl":"https:\/\/rilegato.com\/app\/uploads\/2025\/11\/TCL_PRAGOpaste_0512v2.jpg","width":2032,"height":2033},{"@type":"BreadcrumbList","@id":"https:\/\/rilegato.com\/en\/prodotto\/pragopaste-512-600ml\/#breadcrumb","itemListElement":[{"@type":"ListItem","position":1,"name":"Home","item":"https:\/\/rilegato.com\/en\/"},{"@type":"ListItem","position":2,"name":"Shop","item":"https:\/\/rilegato.com\/en\/shop\/"},{"@type":"ListItem","position":3,"name":"PR\u00c4GOpaste 512 -600ml"}]},{"@type":"WebSite","@id":"https:\/\/rilegato.com\/en\/#website","url":"https:\/\/rilegato.com\/en\/","name":"Rilegato!","description":"Your B2B online shop for letterpress printing.","publisher":{"@id":"https:\/\/rilegato.com\/en\/#organization"},"alternateName":"Rilegato","potentialAction":[{"@type":"SearchAction","target":{"@type":"EntryPoint","urlTemplate":"https:\/\/rilegato.com\/en\/?s={search_term_string}"},"query-input":{"@type":"PropertyValueSpecification","valueRequired":true,"valueName":"search_term_string"}}],"inLanguage":"en-US"},{"@type":"Organization","@id":"https:\/\/rilegato.com\/en\/#organization","name":"Rilegato","url":"https:\/\/rilegato.com\/en\/","logo":{"@type":"ImageObject","inLanguage":"en-US","@id":"https:\/\/rilegato.com\/en\/#\/schema\/logo\/image\/","url":"https:\/\/rilegato.com\/app\/uploads\/2022\/12\/rilegato-logo-seo.png","contentUrl":"https:\/\/rilegato.com\/app\/uploads\/2022\/12\/rilegato-logo-seo.png","width":580,"height":156,"caption":"Rilegato"},"image":{"@id":"https:\/\/rilegato.com\/en\/#\/schema\/logo\/image\/"},"sameAs":["https:\/\/www.facebook.com\/rilegatoshop","https:\/\/www.linkedin.com\/company\/rilegato\/"]}]}},"df_price":39.48,"df_sale_price":"","df_regular_price":39.48,"df_image_link":"https:\/\/rilegato.com\/app\/uploads\/2025\/11\/TCL_PRAGOpaste_0512v2-300x300.jpg","jetpack_sharing_enabled":true,"_links":{"self":[{"href":"https:\/\/rilegato.com\/en\/wp-json\/wp\/v2\/product\/17451","targetHints":{"allow":["GET"]}}],"collection":[{"href":"https:\/\/rilegato.com\/en\/wp-json\/wp\/v2\/product"}],"about":[{"href":"https:\/\/rilegato.com\/en\/wp-json\/wp\/v2\/types\/product"}],"wp:featuredmedia":[{"embeddable":true,"href":"https:\/\/rilegato.com\/en\/wp-json\/wp\/v2\/media\/17450"}],"wp:attachment":[{"href":"https:\/\/rilegato.com\/en\/wp-json\/wp\/v2\/media?parent=17451"}],"wp:term":[{"taxonomy":"product_cat","embeddable":true,"href":"https:\/\/rilegato.com\/en\/wp-json\/wp\/v2\/product_cat?post=17451"},{"taxonomy":"product_tag","embeddable":true,"href":"https:\/\/rilegato.com\/en\/wp-json\/wp\/v2\/product_tag?post=17451"}],"curies":[{"name":"wp","href":"https:\/\/api.w.org\/{rel}","templated":true}]}}